{"id":12,"date":"2022-06-21T13:28:34","date_gmt":"2022-06-21T13:28:34","guid":{"rendered":"http:\/\/localhost\/?page_id=12"},"modified":"2024-04-11T00:18:19","modified_gmt":"2024-04-11T00:18:19","slug":"home","status":"publish","type":"page","link":"http:\/\/alazanastudio.com\/en\/","title":{"rendered":"Home"},"content":{"rendered":"<div class=\"stripe stripe_mainbanner\"><img decoding=\"async\" src=\"..\/wp-content\/themes\/alazana\/assets\/images\/main_banner.jpg\" \/><\/div>\n<div class=\"stripe stripe_about\">\n<div class=\"wrapper gridf\">\n<h2>About Us<\/h2>\n<div class=\"responsive-tabs\">\n<h2 class=\"tabtitle\">Our Story<\/h2>\n<div class=\"tabcontent\">\n\n<div class=\"left col-1-3\"><img decoding=\"async\" src=\"..\/wp-content\/themes\/alazana\/assets\/images\/about_5.jpg\" \/><\/div>\n<div class=\"right col-2-3\">\n<p style=\"text-align: left;\"><span style=\"font-weight: 400;\">We were born in 2022. The idea that we were all on the same boat during the pandemic (or any other day) is absurd in a country like Mexico, where its people live in enormous inequality. Artisans are a vulnerable group which is mostly located in communities that are isolated because of its economic and social marginalization, and sometimes because of where they are geographically. This vulnerability led to many shops closing and for artisans, who practice ancient techniques, to look for work elsewhere. There is no reward to receiving and being promoters of our culture. This injustice affects not only them, but. It endangers expressions of our culture and identity.<\/span><\/p>\n<p style=\"text-align: left;\"><span style=\"font-weight: 400;\">At ALAZANA we offer artisanal products of the best quality with the inimitable character of handcrafted labor. Your preference means direct support to artisanal workshops through purchases that make them stronger, instead of charity which fades. We build spaces honoring Mexican labor.<\/span><\/p>\n<p style=\"text-align: left;\">Marisol Gonz\u00e1lez<\/p>\n<\/div>\n\n<\/div><h2 class=\"tabtitle\">Design Process<\/h2>\n<div class=\"tabcontent\">\n\n<div class=\"left col-1-3\"><img decoding=\"async\" src=\"..\/wp-content\/themes\/alazana\/assets\/images\/about_1.jpg\" \/><\/div>\n<div class=\"right col-2-3\">At Alazana Studio we make luxury furniture in marginalized communities. The design of our pieces highlights traditional craft techniques and incorporates them into current contexts. We are meant to honor our culture and our people, while embodying who we are in the present.\n\nThe beauty of our pieces goes beyond visual aesthetics. We treasure the work of our artisans and seek to provide our customers with unique pieces of the highest quality.<\/p>\n<\/div>\n<\/div>\n<\/div><\/div>\n<\/div>\n<div class=\"stripe stripe_artisan\">\n<div class=\"wrapper\">\n<h2>ARTISANAL <span class=\"smaller\">FURNITURE<\/span><\/h2>\n<p>Mobiliario inspirado y hecho en M\u00e9xico por manos artesanas.<\/p>\n<div class=\"grid column-3\">\n<div class=\"col-1-3\"><img decoding=\"async\" src=\"..\/wp-content\/themes\/alazana\/assets\/images\/about_2.jpg\" \/> Soul<\/div>\n<div class=\"col-1-3\"><img decoding=\"async\" src=\"..\/wp-content\/themes\/alazana\/assets\/images\/about_3.jpg\" \/> Passion<\/div>\n<div class=\"col-1-3\"><img decoding=\"async\" src=\"..\/wp-content\/themes\/alazana\/assets\/images\/about_4.jpg\" \/> Design<\/div>\n<\/div>\n<\/div>\n<\/div>","protected":false},"excerpt":{"rendered":"<p>Sobre Nosotros Alazana naci\u00f3 en 2020, fruto de nuestro amor por el dise\u00f1o, nuestra pasi\u00f3n por la belleza y la armon\u00eda de los espacios, y nuestro compromiso con la identidad de los productos hechos en M\u00e9xico. Nos especializamos en el trabajo con m\u00e1rmol, concreto, maderas finas, cobre y tejidos. Trabajamos mano a mano con los [&hellip;]<\/p>","protected":false},"author":1,"featured_media":0,"parent":0,"menu_order":0,"comment_status":"closed","ping_status":"closed","template":"","meta":{"pgc_sgb_lightbox_settings":"","footnotes":""},"_links":{"self":[{"href":"http:\/\/alazanastudio.com\/en\/wp-json\/wp\/v2\/pages\/12"}],"collection":[{"href":"http:\/\/alazanastudio.com\/en\/wp-json\/wp\/v2\/pages"}],"about":[{"href":"http:\/\/alazanastudio.com\/en\/wp-json\/wp\/v2\/types\/page"}],"author":[{"embeddable":true,"href":"http:\/\/alazanastudio.com\/en\/wp-json\/wp\/v2\/users\/1"}],"replies":[{"embeddable":true,"href":"http:\/\/alazanastudio.com\/en\/wp-json\/wp\/v2\/comments?post=12"}],"version-history":[{"count":27,"href":"http:\/\/alazanastudio.com\/en\/wp-json\/wp\/v2\/pages\/12\/revisions"}],"predecessor-version":[{"id":434,"href":"http:\/\/alazanastudio.com\/en\/wp-json\/wp\/v2\/pages\/12\/revisions\/434"}],"wp:attachment":[{"href":"http:\/\/alazanastudio.com\/en\/wp-json\/wp\/v2\/media?parent=12"}],"curies":[{"name":"wp","href":"https:\/\/api.w.org\/{rel}","templated":true}]}}