{"id":20,"date":"2022-06-23T13:50:59","date_gmt":"2022-06-23T13:50:59","guid":{"rendered":"http:\/\/localhost\/?post_type=product&#038;p=20"},"modified":"2024-04-01T23:23:40","modified_gmt":"2024-04-01T23:23:40","slug":"mueble-1","status":"publish","type":"product","link":"http:\/\/alazanastudio.com\/en\/product\/mueble-1\/","title":{"rendered":"Bur\u00f3 m\u00e1rmol"},"content":{"rendered":"","protected":false},"excerpt":{"rendered":"<p>Bur\u00f3 \/ mesa de noche c\u00fabico de m\u00e1rmol.<\/p>","protected":false},"featured_media":181,"template":"","meta":{"pgc_sgb_lightbox_settings":""},"product_cat":[28,22,19,27],"product_tag":[],"_links":{"self":[{"href":"http:\/\/alazanastudio.com\/en\/wp-json\/wp\/v2\/product\/20"}],"collection":[{"href":"http:\/\/alazanastudio.com\/en\/wp-json\/wp\/v2\/product"}],"about":[{"href":"http:\/\/alazanastudio.com\/en\/wp-json\/wp\/v2\/types\/product"}],"wp:featuredmedia":[{"embeddable":true,"href":"http:\/\/alazanastudio.com\/en\/wp-json\/wp\/v2\/media\/181"}],"wp:attachment":[{"href":"http:\/\/alazanastudio.com\/en\/wp-json\/wp\/v2\/media?parent=20"}],"wp:term":[{"taxonomy":"product_cat","embeddable":true,"href":"http:\/\/alazanastudio.com\/en\/wp-json\/wp\/v2\/product_cat?post=20"},{"taxonomy":"product_tag","embeddable":true,"href":"http:\/\/alazanastudio.com\/en\/wp-json\/wp\/v2\/product_tag?post=20"}],"curies":[{"name":"wp","href":"https:\/\/api.w.org\/{rel}","templated":true}]}}