{"id":25,"date":"2022-06-23T14:09:36","date_gmt":"2022-06-23T14:09:36","guid":{"rendered":"http:\/\/localhost\/?post_type=product&#038;p=25"},"modified":"2024-04-01T23:17:07","modified_gmt":"2024-04-01T23:17:07","slug":"mesa-auxiliar-m_005","status":"publish","type":"product","link":"http:\/\/alazanastudio.com\/en\/product\/mesa-auxiliar-m_005\/","title":{"rendered":"Mesa auxiliar m\u00e1rmol"},"content":{"rendered":"","protected":false},"excerpt":{"rendered":"<p>Mesa auxiliar para sala de puro m\u00e1rmol con base c\u00f3nica.<\/p>","protected":false},"featured_media":235,"template":"","meta":{"pgc_sgb_lightbox_settings":""},"product_cat":[22,19,29,25],"product_tag":[],"_links":{"self":[{"href":"http:\/\/alazanastudio.com\/en\/wp-json\/wp\/v2\/product\/25"}],"collection":[{"href":"http:\/\/alazanastudio.com\/en\/wp-json\/wp\/v2\/product"}],"about":[{"href":"http:\/\/alazanastudio.com\/en\/wp-json\/wp\/v2\/types\/product"}],"wp:featuredmedia":[{"embeddable":true,"href":"http:\/\/alazanastudio.com\/en\/wp-json\/wp\/v2\/media\/235"}],"wp:attachment":[{"href":"http:\/\/alazanastudio.com\/en\/wp-json\/wp\/v2\/media?parent=25"}],"wp:term":[{"taxonomy":"product_cat","embeddable":true,"href":"http:\/\/alazanastudio.com\/en\/wp-json\/wp\/v2\/product_cat?post=25"},{"taxonomy":"product_tag","embeddable":true,"href":"http:\/\/alazanastudio.com\/en\/wp-json\/wp\/v2\/product_tag?post=25"}],"curies":[{"name":"wp","href":"https:\/\/api.w.org\/{rel}","templated":true}]}}