{"id":30,"date":"2022-06-22T14:12:24","date_gmt":"2022-06-22T14:12:24","guid":{"rendered":"http:\/\/localhost\/?post_type=product&#038;p=30"},"modified":"2024-04-04T18:10:02","modified_gmt":"2024-04-04T18:10:02","slug":"tina-m_010","status":"publish","type":"product","link":"http:\/\/alazanastudio.com\/en\/product\/tina-m_010\/","title":{"rendered":"Tina marmol"},"content":{"rendered":"","protected":false},"excerpt":{"rendered":"<p>Tina de ba\u00f1o , una sola pieza, forma cl\u00e1sica, puro m\u00e1rmol.<\/p>","protected":false},"featured_media":359,"template":"","meta":{"pgc_sgb_lightbox_settings":""},"product_cat":[26,22,19,30],"product_tag":[],"_links":{"self":[{"href":"http:\/\/alazanastudio.com\/en\/wp-json\/wp\/v2\/product\/30"}],"collection":[{"href":"http:\/\/alazanastudio.com\/en\/wp-json\/wp\/v2\/product"}],"about":[{"href":"http:\/\/alazanastudio.com\/en\/wp-json\/wp\/v2\/types\/product"}],"wp:featuredmedia":[{"embeddable":true,"href":"http:\/\/alazanastudio.com\/en\/wp-json\/wp\/v2\/media\/359"}],"wp:attachment":[{"href":"http:\/\/alazanastudio.com\/en\/wp-json\/wp\/v2\/media?parent=30"}],"wp:term":[{"taxonomy":"product_cat","embeddable":true,"href":"http:\/\/alazanastudio.com\/en\/wp-json\/wp\/v2\/product_cat?post=30"},{"taxonomy":"product_tag","embeddable":true,"href":"http:\/\/alazanastudio.com\/en\/wp-json\/wp\/v2\/product_tag?post=30"}],"curies":[{"name":"wp","href":"https:\/\/api.w.org\/{rel}","templated":true}]}}