{"id":33,"date":"2022-06-22T14:16:02","date_gmt":"2022-06-22T14:16:02","guid":{"rendered":"http:\/\/localhost\/?post_type=product&#038;p=33"},"modified":"2024-04-04T17:53:50","modified_gmt":"2024-04-04T17:53:50","slug":"lavabo-m_013","status":"publish","type":"product","link":"http:\/\/alazanastudio.com\/en\/product\/lavabo-m_013\/","title":{"rendered":"Lavabo m\u00e1rmol Santo Tom\u00e1s"},"content":{"rendered":"","protected":false},"excerpt":{"rendered":"<p>Lavabo de m\u00e1rmol de pedestal forma cilindrica.<\/p>","protected":false},"featured_media":195,"template":"","meta":{"pgc_sgb_lightbox_settings":""},"product_cat":[26,22,31,19],"product_tag":[],"_links":{"self":[{"href":"http:\/\/alazanastudio.com\/en\/wp-json\/wp\/v2\/product\/33"}],"collection":[{"href":"http:\/\/alazanastudio.com\/en\/wp-json\/wp\/v2\/product"}],"about":[{"href":"http:\/\/alazanastudio.com\/en\/wp-json\/wp\/v2\/types\/product"}],"wp:featuredmedia":[{"embeddable":true,"href":"http:\/\/alazanastudio.com\/en\/wp-json\/wp\/v2\/media\/195"}],"wp:attachment":[{"href":"http:\/\/alazanastudio.com\/en\/wp-json\/wp\/v2\/media?parent=33"}],"wp:term":[{"taxonomy":"product_cat","embeddable":true,"href":"http:\/\/alazanastudio.com\/en\/wp-json\/wp\/v2\/product_cat?post=33"},{"taxonomy":"product_tag","embeddable":true,"href":"http:\/\/alazanastudio.com\/en\/wp-json\/wp\/v2\/product_tag?post=33"}],"curies":[{"name":"wp","href":"https:\/\/api.w.org\/{rel}","templated":true}]}}